{"id":655,"date":"2016-09-30T22:38:09","date_gmt":"2016-10-01T01:38:09","guid":{"rendered":"http:\/\/wordpress.jpcorp.eti.br\/?page_id=655"},"modified":"2017-11-10T08:28:59","modified_gmt":"2017-11-10T11:28:59","slug":"noc-zabbix-1","status":"publish","type":"page","link":"https:\/\/wordpress.jpcorp.eti.br\/?page_id=655","title":{"rendered":"Projeto &#8211; Zabbix 1"},"content":{"rendered":"<p style=\"text-align: justify;\">Data: 09\/09\/2016<\/p>\n<p style=\"text-align: justify;\">Descri\u00e7\u00e3o: Ambiente de produ\u00e7\u00e3o ativo.<\/p>\n<p>Camadas atingidas neste ambiente:<\/p>\n<p><a href=\"http:\/\/wordpress.jpcorp.eti.br\/?attachment_id=1104\" rel=\"attachment wp-att-1104\"><img loading=\"lazy\" decoding=\"async\" class=\"aligncenter size-full wp-image-1104\" src=\"http:\/\/wordpress.jpcorp.eti.br\/wp-content\/uploads\/2017\/11\/zabbix-camada.png\" alt=\"\" width=\"663\" height=\"370\" srcset=\"https:\/\/wordpress.jpcorp.eti.br\/wp-content\/uploads\/2017\/11\/zabbix-camada.png 663w, https:\/\/wordpress.jpcorp.eti.br\/wp-content\/uploads\/2017\/11\/zabbix-camada-300x167.png 300w, https:\/\/wordpress.jpcorp.eti.br\/wp-content\/uploads\/2017\/11\/zabbix-camada-644x359.png 644w\" sizes=\"auto, (max-width: 663px) 100vw, 663px\" \/><\/a><\/p>\n<p>&nbsp;<\/p>\n<p style=\"text-align: justify;\"><a href=\"http:\/\/wordpress.jpcorp.eti.br\/?attachment_id=661\" rel=\"attachment wp-att-661\"><img loading=\"lazy\" decoding=\"async\" class=\"aligncenter size-full wp-image-661\" src=\"http:\/\/wordpress.jpcorp.eti.br\/wp-content\/uploads\/2016\/09\/02-projeto-noc1.png\" alt=\"02-projeto-noc1\" width=\"643\" height=\"251\" srcset=\"https:\/\/wordpress.jpcorp.eti.br\/wp-content\/uploads\/2016\/09\/02-projeto-noc1.png 643w, https:\/\/wordpress.jpcorp.eti.br\/wp-content\/uploads\/2016\/09\/02-projeto-noc1-300x117.png 300w\" sizes=\"auto, (max-width: 643px) 100vw, 643px\" \/><\/a><\/p>\n<hr \/>\n<p style=\"text-align: justify;\">Data: 30\/09\/2016<\/p>\n<p style=\"text-align: justify;\">Descri\u00e7\u00e3o: Base de dados crescendo uma m\u00e9dia de 200mb por dia, adicionando uma m\u00e9dia de 15~30 hosts por dia. Frontend ativo junto com Grafana ao qual j\u00e1 esta ativo em uma tela apresentando alguns gr\u00e1ficos. Servidores utilizando recursos adequadamente sem nenhum estresse.<\/p>\n<p style=\"text-align: justify;\"><a href=\"http:\/\/wordpress.jpcorp.eti.br\/?attachment_id=656\" rel=\"attachment wp-att-656\"><img loading=\"lazy\" decoding=\"async\" class=\"aligncenter size-full wp-image-656\" src=\"http:\/\/wordpress.jpcorp.eti.br\/wp-content\/uploads\/2016\/09\/01-projeto-noc1.jpg\" alt=\"01-projeto-noc1\" width=\"3264\" height=\"2448\" srcset=\"https:\/\/wordpress.jpcorp.eti.br\/wp-content\/uploads\/2016\/09\/01-projeto-noc1.jpg 3264w, https:\/\/wordpress.jpcorp.eti.br\/wp-content\/uploads\/2016\/09\/01-projeto-noc1-300x225.jpg 300w, https:\/\/wordpress.jpcorp.eti.br\/wp-content\/uploads\/2016\/09\/01-projeto-noc1-768x576.jpg 768w, https:\/\/wordpress.jpcorp.eti.br\/wp-content\/uploads\/2016\/09\/01-projeto-noc1-644x483.jpg 644w\" sizes=\"auto, (max-width: 3264px) 100vw, 3264px\" \/><\/a><\/p>\n<hr \/>\n<p style=\"text-align: justify;\">Data: 06\/10\/2016<\/p>\n<p style=\"text-align: justify;\">Descri\u00e7\u00e3o: Ambiente crescendo a cada dia, entregue acessos aos usu\u00e1rios internos e primeiro impacto \u00e9 frontend requerendo mais recursos.<\/p>\n<p><a href=\"http:\/\/wordpress.jpcorp.eti.br\/?attachment_id=683\" rel=\"attachment wp-att-683\"><img loading=\"lazy\" decoding=\"async\" class=\"aligncenter size-full wp-image-683\" src=\"http:\/\/wordpress.jpcorp.eti.br\/wp-content\/uploads\/2016\/09\/project2.png\" alt=\"project2\" width=\"1347\" height=\"701\" srcset=\"https:\/\/wordpress.jpcorp.eti.br\/wp-content\/uploads\/2016\/09\/project2.png 1347w, https:\/\/wordpress.jpcorp.eti.br\/wp-content\/uploads\/2016\/09\/project2-300x156.png 300w, https:\/\/wordpress.jpcorp.eti.br\/wp-content\/uploads\/2016\/09\/project2-768x400.png 768w, https:\/\/wordpress.jpcorp.eti.br\/wp-content\/uploads\/2016\/09\/project2-644x335.png 644w\" sizes=\"auto, (max-width: 1347px) 100vw, 1347px\" \/><\/a><\/p>\n<hr \/>\n<p style=\"text-align: justify;\">Data: 18\/10\/2016<\/p>\n<p style=\"text-align: justify;\">Descri\u00e7\u00e3o: Ap\u00f3s incidente de quase 2000 checagens na fila, \u00a0feito upgrade de recursos no ZABBIX-BANCO e acertado par\u00e2metros dos servi\u00e7os, com isso ambiente normalizado e suportando maior carga de hosts\/itens, ativado Proxy no DC03, hoje 18\/10 com 80% do parque interno j\u00e1 ativo.<\/p>\n<p style=\"text-align: justify;\"><a href=\"http:\/\/wordpress.jpcorp.eti.br\/?attachment_id=696\" rel=\"attachment wp-att-695\"><img loading=\"lazy\" decoding=\"async\" class=\"aligncenter wp-image-696 size-full\" src=\"http:\/\/wordpress.jpcorp.eti.br\/wp-content\/uploads\/2016\/09\/zbx-18102016-1.png\" width=\"1275\" height=\"971\" srcset=\"https:\/\/wordpress.jpcorp.eti.br\/wp-content\/uploads\/2016\/09\/zbx-18102016-1.png 1275w, https:\/\/wordpress.jpcorp.eti.br\/wp-content\/uploads\/2016\/09\/zbx-18102016-1-300x228.png 300w, https:\/\/wordpress.jpcorp.eti.br\/wp-content\/uploads\/2016\/09\/zbx-18102016-1-768x585.png 768w, https:\/\/wordpress.jpcorp.eti.br\/wp-content\/uploads\/2016\/09\/zbx-18102016-1-644x490.png 644w\" sizes=\"auto, (max-width: 1275px) 100vw, 1275px\" \/><\/a><\/p>\n<hr \/>\n<p style=\"text-align: justify;\">\u00a0Data: 10\/11\/2017<\/p>\n<p>Um ano e dois meses em produ\u00e7\u00e3o.<\/p>\n<p><a href=\"http:\/\/wordpress.jpcorp.eti.br\/?attachment_id=1101\" rel=\"attachment wp-att-1101\"><img loading=\"lazy\" decoding=\"async\" class=\"aligncenter size-full wp-image-1101\" src=\"http:\/\/wordpress.jpcorp.eti.br\/wp-content\/uploads\/2016\/09\/status-zabbix-10112017.png\" alt=\"\" width=\"536\" height=\"275\" srcset=\"https:\/\/wordpress.jpcorp.eti.br\/wp-content\/uploads\/2016\/09\/status-zabbix-10112017.png 536w, https:\/\/wordpress.jpcorp.eti.br\/wp-content\/uploads\/2016\/09\/status-zabbix-10112017-300x154.png 300w\" sizes=\"auto, (max-width: 536px) 100vw, 536px\" \/><\/a><\/p>\n<hr \/>\n<p>&nbsp;<\/p>\n","protected":false},"excerpt":{"rendered":"<p>Data: 09\/09\/2016 Descri\u00e7\u00e3o: Ambiente de produ\u00e7\u00e3o ativo. Camadas atingidas neste ambiente: &nbsp; Data: 30\/09\/2016 Descri\u00e7\u00e3o: Base de dados crescendo uma m\u00e9dia de 200mb por dia, adicionando uma m\u00e9dia de 15~30 hosts por dia. Frontend ativo junto com Grafana ao qual j\u00e1 esta ativo em uma tela apresentando alguns gr\u00e1ficos. Servidores utilizando recursos adequadamente sem nenhum&#8230;<\/p>\n","protected":false},"author":1,"featured_media":0,"parent":0,"menu_order":0,"comment_status":"closed","ping_status":"closed","template":"","meta":{"footnotes":""},"class_list":["post-655","page","type-page","status-publish","hentry"],"_links":{"self":[{"href":"https:\/\/wordpress.jpcorp.eti.br\/index.php?rest_route=\/wp\/v2\/pages\/655","targetHints":{"allow":["GET"]}}],"collection":[{"href":"https:\/\/wordpress.jpcorp.eti.br\/index.php?rest_route=\/wp\/v2\/pages"}],"about":[{"href":"https:\/\/wordpress.jpcorp.eti.br\/index.php?rest_route=\/wp\/v2\/types\/page"}],"author":[{"embeddable":true,"href":"https:\/\/wordpress.jpcorp.eti.br\/index.php?rest_route=\/wp\/v2\/users\/1"}],"replies":[{"embeddable":true,"href":"https:\/\/wordpress.jpcorp.eti.br\/index.php?rest_route=%2Fwp%2Fv2%2Fcomments&post=655"}],"version-history":[{"count":9,"href":"https:\/\/wordpress.jpcorp.eti.br\/index.php?rest_route=\/wp\/v2\/pages\/655\/revisions"}],"predecessor-version":[{"id":1105,"href":"https:\/\/wordpress.jpcorp.eti.br\/index.php?rest_route=\/wp\/v2\/pages\/655\/revisions\/1105"}],"wp:attachment":[{"href":"https:\/\/wordpress.jpcorp.eti.br\/index.php?rest_route=%2Fwp%2Fv2%2Fmedia&parent=655"}],"curies":[{"name":"wp","href":"https:\/\/api.w.org\/{rel}","templated":true}]}}