{"id":4,"date":"2015-01-29T23:36:59","date_gmt":"2015-01-30T02:36:59","guid":{"rendered":"http:\/\/wordpress.jpcorp.eti.br\/?page_id=4"},"modified":"2019-03-26T14:25:04","modified_gmt":"2019-03-26T17:25:04","slug":"portfolio","status":"publish","type":"page","link":"https:\/\/wordpress.jpcorp.eti.br\/?page_id=4","title":{"rendered":"Sobre o Autor"},"content":{"rendered":"<blockquote>\n<p style=\"text-align: justify;\">Viciado por conhecimento, formado em Gest\u00e3o Tecnologia da Informa\u00e7\u00e3o, atuante na \u00e1rea de infraestrutura e suporte de TI.<br \/>\nEstudante constante, f\u00e3 da metodologia coaching, viciado pelos terminais linux (entusiasta de software livre), apreciador de uma boa cerveja, ouvinte de um bom blues, reggae, rock, amante de uma comida japonesa, uma batata frita.<\/p>\n<p style=\"text-align: justify;\">\"N\u00e3o tentes ser bem sucedido, tenta antes ser um homem de valor.\" (Albert Einstein)<\/p>\n<\/blockquote>\n<p style=\"text-align: justify;\">Qual o motivo de cria\u00e7\u00e3o deste blog, e porque JPCorp?<br \/>\nA cria\u00e7\u00e3o deste blog \u00e9 a real necessidade de compartilhar e criar uma base de conhecimento. E o meio acess\u00edvel de imediato \u00e9 este, mas o objetivo num futuro bem pr\u00f3ximo \u00e9 passar o conhecimento em aula.<\/p>\n<blockquote>\n<p style=\"text-align: justify;\">Opaaaa quando escrevi ali em cima \"...num futuro bem pr\u00f3ximo \u00e9 passar conhecimento em aula.\" Digo que hoje 05\/03\/2016 alcancei este objetivo, ministrando aulas de Linux na <a href=\"http:\/\/www.treinamentolinux.com.br\" target=\"_blank\" rel=\"noopener noreferrer\">www.treinamentolinux.com.br<\/a>.<\/p>\n<\/blockquote>\n<p style=\"text-align: justify;\">O JPCorp \u00e9 o \"start\" de um projeto o qual estou bolando, num futuro cria\u00e7\u00e3o de uma Consultoria de TI quem sabe, que aos poucos estou desenvolvendo.<\/p>\n<blockquote><p>Procurando um consultoria de Gest\u00e3o de TI pra organizar a casa ou evoluir o ambiente? Um analista pra aplicar uma solu\u00e7\u00e3o no ambiente? Evoluir um projeto de infraestrutura? Conte comigo <a href=\"mailto:jhones@jpcorp.eti.br\">jhones@jpcorp.eti.br<\/a>!<\/p><\/blockquote>\n<p style=\"text-align: justify;\">O que ir\u00e1 ser abordado no blog?<br \/>\nMeu cotidiano e not\u00edcias sobre TI \u00e9 \u00f3bvio. Ai temos alguns t\u00f3picos de Linux, Windows, Firewall, Softwares, Banco de dados, Aplica\u00e7\u00f5es, Gest\u00e3o de TI, dicas, ou seja, um pouco de conhecimento.<\/p>\n<p>&nbsp;<\/p>\n<p><a href=\"http:\/\/wordpress.jpcorp.eti.br\/wp-content\/uploads\/2015\/01\/apt-get-moo1.png\"><img loading=\"lazy\" decoding=\"async\" class=\"aligncenter wp-image-48 size-full\" src=\"http:\/\/wordpress.jpcorp.eti.br\/wp-content\/uploads\/2015\/01\/apt-get-moo1.png\" alt=\"apt-get-moo\" width=\"965\" height=\"274\" srcset=\"https:\/\/wordpress.jpcorp.eti.br\/wp-content\/uploads\/2015\/01\/apt-get-moo1.png 965w, https:\/\/wordpress.jpcorp.eti.br\/wp-content\/uploads\/2015\/01\/apt-get-moo1-300x85.png 300w, https:\/\/wordpress.jpcorp.eti.br\/wp-content\/uploads\/2015\/01\/apt-get-moo1-644x183.png 644w\" sizes=\"auto, (max-width: 965px) 100vw, 965px\" \/><\/a><\/p>\n<p>&nbsp;<\/p>\n<hr \/>\n<p>&nbsp;<\/p>\n","protected":false},"excerpt":{"rendered":"<p>Viciado por conhecimento, formado em Gest\u00e3o Tecnologia da Informa\u00e7\u00e3o, atuante na \u00e1rea de infraestrutura e suporte de TI. Estudante constante, f\u00e3 da metodologia coaching, viciado pelos terminais linux (entusiasta de software livre), apreciador de uma boa cerveja, ouvinte de um bom blues, reggae, rock, amante de uma comida japonesa, uma batata frita. &#8220;N\u00e3o tentes ser&#8230;<\/p>\n","protected":false},"author":1,"featured_media":0,"parent":0,"menu_order":0,"comment_status":"closed","ping_status":"closed","template":"","meta":{"footnotes":""},"class_list":["post-4","page","type-page","status-publish","hentry"],"_links":{"self":[{"href":"https:\/\/wordpress.jpcorp.eti.br\/index.php?rest_route=\/wp\/v2\/pages\/4","targetHints":{"allow":["GET"]}}],"collection":[{"href":"https:\/\/wordpress.jpcorp.eti.br\/index.php?rest_route=\/wp\/v2\/pages"}],"about":[{"href":"https:\/\/wordpress.jpcorp.eti.br\/index.php?rest_route=\/wp\/v2\/types\/page"}],"author":[{"embeddable":true,"href":"https:\/\/wordpress.jpcorp.eti.br\/index.php?rest_route=\/wp\/v2\/users\/1"}],"replies":[{"embeddable":true,"href":"https:\/\/wordpress.jpcorp.eti.br\/index.php?rest_route=%2Fwp%2Fv2%2Fcomments&post=4"}],"version-history":[{"count":56,"href":"https:\/\/wordpress.jpcorp.eti.br\/index.php?rest_route=\/wp\/v2\/pages\/4\/revisions"}],"predecessor-version":[{"id":1394,"href":"https:\/\/wordpress.jpcorp.eti.br\/index.php?rest_route=\/wp\/v2\/pages\/4\/revisions\/1394"}],"wp:attachment":[{"href":"https:\/\/wordpress.jpcorp.eti.br\/index.php?rest_route=%2Fwp%2Fv2%2Fmedia&parent=4"}],"curies":[{"name":"wp","href":"https:\/\/api.w.org\/{rel}","templated":true}]}}